{"id":17,"date":"2023-10-09T17:44:02","date_gmt":"2023-10-09T15:44:02","guid":{"rendered":"https:\/\/echevarriabienesraices.com\/?page_id=17"},"modified":"2025-06-13T00:30:01","modified_gmt":"2025-06-12T22:30:01","slug":"aviso-de-copyright","status":"publish","type":"page","link":"https:\/\/echevarriabienesraices.com\/index.php\/aviso-de-copyright\/","title":{"rendered":"Aviso de copyright"},"content":{"rendered":"\t\t<div data-elementor-type=\"wp-page\" data-elementor-id=\"17\" class=\"elementor elementor-17\">\n\t\t\t\t<div class=\"elementor-element elementor-element-c798f66 e-flex e-con-boxed e-con e-parent\" data-id=\"c798f66\" data-element_type=\"container\" data-e-type=\"container\">\n\t\t\t\t\t<div class=\"e-con-inner\">\n\t\t\t\t<div class=\"elementor-element elementor-element-7b7f631 elementor-widget elementor-widget-heading\" data-id=\"7b7f631\" data-element_type=\"widget\" data-e-type=\"widget\" data-widget_type=\"heading.default\">\n\t\t\t\t<div class=\"elementor-widget-container\">\n\t\t\t\t\t<h2 class=\"elementor-heading-title elementor-size-default\">Aviso de Copyright<\/h2>\t\t\t\t<\/div>\n\t\t\t\t<\/div>\n\t\t\t\t\t<\/div>\n\t\t\t\t<\/div>\n\t\t<div class=\"elementor-element elementor-element-70701e42 e-flex e-con-boxed e-con e-parent\" data-id=\"70701e42\" data-element_type=\"container\" data-e-type=\"container\">\n\t\t\t\t\t<div class=\"e-con-inner\">\n\t\t\t\t<div class=\"elementor-element elementor-element-5bfe12b8 elementor-widget elementor-widget-text-editor\" data-id=\"5bfe12b8\" data-element_type=\"widget\" data-e-type=\"widget\" data-widget_type=\"text-editor.default\">\n\t\t\t\t<div class=\"elementor-widget-container\">\n\t\t\t\t\t\t\t\t\t\n<p>Este sitio web y su contenido tienen derechos de autor de Echevarr\u00eda Bienes Ra\u00edces &#8211; \u00a9 Echevarr\u00eda Bienes Ra\u00edces 2023. Todos los derechos reservados.<\/p>\n\n\n\n<p>Se proh\u00edbe cualquier redistribuci\u00f3n o reproducci\u00f3n de parte o la totalidad del contenido en cualquier forma que no sea la siguiente:<br>Puede imprimir o descargar extractos en un disco duro local \u00fanicamente para su uso personal y no comercial.<br>Puede copiar el contenido a terceros individuales para su uso personal, pero solo si reconoce el sitio web como la fuente del material.<br>No puede, excepto con nuestro permiso expreso por escrito, distribuir o explotar comercialmente el contenido. Tampoco podr\u00e1 transmitirlo ni almacenarlo en ning\u00fan otro sitio web u otra forma de sistema de recuperaci\u00f3n electr\u00f3nica.<\/p>\n\t\t\t\t\t\t\t\t<\/div>\n\t\t\t\t<\/div>\n\t\t\t\t\t<\/div>\n\t\t\t\t<\/div>\n\t\t\t\t<\/div>\n\t\t","protected":false},"excerpt":{"rendered":"<p>Aviso de Copyright Este sitio web y su contenido tienen derechos de autor de Echevarr\u00eda Bienes Ra\u00edces &#8211; \u00a9 Echevarr\u00eda Bienes Ra\u00edces 2023. Todos los derechos reservados. Se proh\u00edbe cualquier redistribuci\u00f3n o reproducci\u00f3n de parte o la totalidad del contenido en cualquier forma que no sea la siguiente:Puede imprimir o descargar extractos en un disco [&hellip;]<\/p>\n","protected":false},"author":1,"featured_media":2840,"parent":0,"menu_order":0,"comment_status":"closed","ping_status":"closed","template":"elementor_header_footer","meta":{"site-sidebar-layout":"default","site-content-layout":"","ast-site-content-layout":"default","site-content-style":"default","site-sidebar-style":"default","ast-global-header-display":"","ast-banner-title-visibility":"","ast-main-header-display":"","ast-hfb-above-header-display":"","ast-hfb-below-header-display":"","ast-hfb-mobile-header-display":"","site-post-title":"","ast-breadcrumbs-content":"","ast-featured-img":"","footer-sml-layout":"","theme-transparent-header-meta":"","adv-header-id-meta":"","stick-header-meta":"","header-above-stick-meta":"","header-main-stick-meta":"","header-below-stick-meta":"","astra-migrate-meta-layouts":"set","ast-page-background-enabled":"default","ast-page-background-meta":{"desktop":{"background-color":"","background-image":"","background-repeat":"repeat","background-position":"center center","background-size":"auto","background-attachment":"scroll","background-type":"","background-media":"","overlay-type":"","overlay-color":"","overlay-opacity":"","overlay-gradient":""},"tablet":{"background-color":"","background-image":"","background-repeat":"repeat","background-position":"center center","background-size":"auto","background-attachment":"scroll","background-type":"","background-media":"","overlay-type":"","overlay-color":"","overlay-opacity":"","overlay-gradient":""},"mobile":{"background-color":"","background-image":"","background-repeat":"repeat","background-position":"center center","background-size":"auto","background-attachment":"scroll","background-type":"","background-media":"","overlay-type":"","overlay-color":"","overlay-opacity":"","overlay-gradient":""}},"ast-content-background-meta":{"desktop":{"background-color":"var(--ast-global-color-5)","background-image":"","background-repeat":"repeat","background-position":"center center","background-size":"auto","background-attachment":"scroll","background-type":"","background-media":"","overlay-type":"","overlay-color":"","overlay-opacity":"","overlay-gradient":""},"tablet":{"background-color":"var(--ast-global-color-5)","background-image":"","background-repeat":"repeat","background-position":"center center","background-size":"auto","background-attachment":"scroll","background-type":"","background-media":"","overlay-type":"","overlay-color":"","overlay-opacity":"","overlay-gradient":""},"mobile":{"background-color":"var(--ast-global-color-5)","background-image":"","background-repeat":"repeat","background-position":"center center","background-size":"auto","background-attachment":"scroll","background-type":"","background-media":"","overlay-type":"","overlay-color":"","overlay-opacity":"","overlay-gradient":""}},"footnotes":""},"class_list":["post-17","page","type-page","status-publish","has-post-thumbnail","hentry"],"_links":{"self":[{"href":"https:\/\/echevarriabienesraices.com\/index.php\/wp-json\/wp\/v2\/pages\/17","targetHints":{"allow":["GET"]}}],"collection":[{"href":"https:\/\/echevarriabienesraices.com\/index.php\/wp-json\/wp\/v2\/pages"}],"about":[{"href":"https:\/\/echevarriabienesraices.com\/index.php\/wp-json\/wp\/v2\/types\/page"}],"author":[{"embeddable":true,"href":"https:\/\/echevarriabienesraices.com\/index.php\/wp-json\/wp\/v2\/users\/1"}],"replies":[{"embeddable":true,"href":"https:\/\/echevarriabienesraices.com\/index.php\/wp-json\/wp\/v2\/comments?post=17"}],"version-history":[{"count":11,"href":"https:\/\/echevarriabienesraices.com\/index.php\/wp-json\/wp\/v2\/pages\/17\/revisions"}],"predecessor-version":[{"id":1681,"href":"https:\/\/echevarriabienesraices.com\/index.php\/wp-json\/wp\/v2\/pages\/17\/revisions\/1681"}],"wp:featuredmedia":[{"embeddable":true,"href":"https:\/\/echevarriabienesraices.com\/index.php\/wp-json\/wp\/v2\/media\/2840"}],"wp:attachment":[{"href":"https:\/\/echevarriabienesraices.com\/index.php\/wp-json\/wp\/v2\/media?parent=17"}],"curies":[{"name":"wp","href":"https:\/\/api.w.org\/{rel}","templated":true}]}}