{"id":3767,"date":"2025-10-22T22:22:11","date_gmt":"2025-10-22T20:22:11","guid":{"rendered":"https:\/\/echevarriabienesraices.com\/?page_id=3767"},"modified":"2025-10-22T23:49:48","modified_gmt":"2025-10-22T21:49:48","slug":"quien-soy","status":"publish","type":"page","link":"https:\/\/echevarriabienesraices.com\/index.php\/quien-soy\/","title":{"rendered":"Qui\u00e9n soy"},"content":{"rendered":"\t\t<div data-elementor-type=\"wp-page\" data-elementor-id=\"3767\" class=\"elementor elementor-3767\">\n\t\t\t\t<div class=\"elementor-element elementor-element-8a881e5 e-flex e-con-boxed e-con e-parent\" data-id=\"8a881e5\" data-element_type=\"container\" data-e-type=\"container\" data-settings=\"{&quot;background_background&quot;:&quot;classic&quot;}\">\n\t\t\t\t\t<div class=\"e-con-inner\">\n\t\t\t\t<div class=\"elementor-element elementor-element-7332898 elementor-widget-divider--view-line elementor-widget elementor-widget-divider\" data-id=\"7332898\" data-element_type=\"widget\" data-e-type=\"widget\" data-widget_type=\"divider.default\">\n\t\t\t\t<div class=\"elementor-widget-container\">\n\t\t\t\t\t\t\t<div class=\"elementor-divider\">\n\t\t\t<span class=\"elementor-divider-separator\">\n\t\t\t\t\t\t<\/span>\n\t\t<\/div>\n\t\t\t\t\t\t<\/div>\n\t\t\t\t<\/div>\n\t\t\t\t\t<\/div>\n\t\t\t\t<\/div>\n\t\t<div class=\"elementor-element elementor-element-858bc9e e-flex e-con-boxed e-con e-parent\" data-id=\"858bc9e\" data-element_type=\"container\" data-e-type=\"container\" data-settings=\"{&quot;background_background&quot;:&quot;classic&quot;}\">\n\t\t\t\t\t<div class=\"e-con-inner\">\n\t\t\t\t<div class=\"elementor-element elementor-element-55068ee elementor-widget elementor-widget-image\" data-id=\"55068ee\" data-element_type=\"widget\" data-e-type=\"widget\" data-widget_type=\"image.default\">\n\t\t\t\t<div class=\"elementor-widget-container\">\n\t\t\t\t\t\t\t\t\t\t\t\t\t\t\t<img fetchpriority=\"high\" decoding=\"async\" width=\"223\" height=\"300\" src=\"https:\/\/echevarriabienesraices.com\/wp-content\/uploads\/2025\/05\/Soco-marzo-2025-223x300.jpg\" class=\"attachment-medium size-medium wp-image-3161\" alt=\"\" srcset=\"https:\/\/echevarriabienesraices.com\/wp-content\/uploads\/2025\/05\/Soco-marzo-2025-223x300.jpg 223w, https:\/\/echevarriabienesraices.com\/wp-content\/uploads\/2025\/05\/Soco-marzo-2025-760x1024.jpg 760w, https:\/\/echevarriabienesraices.com\/wp-content\/uploads\/2025\/05\/Soco-marzo-2025-768x1035.jpg 768w, https:\/\/echevarriabienesraices.com\/wp-content\/uploads\/2025\/05\/Soco-marzo-2025-1139x1536.jpg 1139w, https:\/\/echevarriabienesraices.com\/wp-content\/uploads\/2025\/05\/Soco-marzo-2025.jpg 1186w\" sizes=\"(max-width: 223px) 100vw, 223px\" \/>\t\t\t\t\t\t\t\t\t\t\t\t\t\t\t<\/div>\n\t\t\t\t<\/div>\n\t\t<div class=\"elementor-element elementor-element-d08a44f e-con-full e-flex e-con e-child\" data-id=\"d08a44f\" data-element_type=\"container\" data-e-type=\"container\">\n\t\t\t\t<div class=\"elementor-element elementor-element-eeea52d elementor-widget elementor-widget-text-editor\" data-id=\"eeea52d\" data-element_type=\"widget\" data-e-type=\"widget\" data-widget_type=\"text-editor.default\">\n\t\t\t\t<div class=\"elementor-widget-container\">\n\t\t\t\t\t\t\t\t\t<p>\u00a0<\/p><p>socorro Echevarr\u00eda<\/p>\t\t\t\t\t\t\t\t<\/div>\n\t\t\t\t<\/div>\n\t\t\t\t<\/div>\n\t\t\t\t\t<\/div>\n\t\t\t\t<\/div>\n\t\t<div class=\"elementor-element elementor-element-e721b39 e-flex e-con-boxed e-con e-parent\" data-id=\"e721b39\" data-element_type=\"container\" data-e-type=\"container\" data-settings=\"{&quot;background_background&quot;:&quot;classic&quot;}\">\n\t\t\t\t\t<div class=\"e-con-inner\">\n\t\t<div class=\"elementor-element elementor-element-281af07 e-con-full e-flex e-con e-child\" data-id=\"281af07\" data-element_type=\"container\" data-e-type=\"container\">\n\t\t<div class=\"elementor-element elementor-element-56ee1e6 e-con-full e-flex e-con e-child\" data-id=\"56ee1e6\" data-element_type=\"container\" data-e-type=\"container\">\n\t\t\t\t<div class=\"elementor-element elementor-element-91ed5c2 elementor-widget elementor-widget-text-editor\" data-id=\"91ed5c2\" data-element_type=\"widget\" data-e-type=\"widget\" data-widget_type=\"text-editor.default\">\n\t\t\t\t<div class=\"elementor-widget-container\">\n\t\t\t\t\t\t\t\t\t<p>Las grandes decisiones financieras son m\u00e1s que n\u00fameros, son sue\u00f1os que toman forma, y estoy aqu\u00ed para ayudarte a construir esos sue\u00f1os.<\/p>\t\t\t\t\t\t\t\t<\/div>\n\t\t\t\t<\/div>\n\t\t\t\t<\/div>\n\t\t\t\t<div class=\"elementor-element elementor-element-cac8da0 elementor-widget__width-initial elementor-widget elementor-widget-text-editor\" data-id=\"cac8da0\" data-element_type=\"widget\" data-e-type=\"widget\" data-widget_type=\"text-editor.default\">\n\t\t\t\t<div class=\"elementor-widget-container\">\n\t\t\t\t\t\t\t\t\t<p>Desde los d\u00edas en los que, siendo estudiante, comenc\u00e9 a trabajar por primera vez, lo hice en el \u00e1rea de ventas, y entend\u00ed algo que marcar\u00eda mi trayectoria laboral: Vender no es simplemente cerrar tratos comerciales, es establecer una conexi\u00f3n con las personas, comprender lo que necesitan y orientarlas hacia la mejor decisi\u00f3n. Fue as\u00ed como inici\u00f3 mi viaje por el mundo de los negocios, un mundo lleno de aprendizajes y retos que han dado forma a lo que soy en la actualidad.<\/p><p>Aunque mi formaci\u00f3n acad\u00e9mica fue en el ramo de la Psicolog\u00eda, mi camino profesional tom\u00f3 un rumbo distinto. Me encontr\u00e9 en el din\u00e1mico entorno de las ventas, lo que me permiti\u00f3 desarrollar y afinar habilidades esenciales, no solo para cumplir metas, sino para liderar y ense\u00f1ar a otros. A lo largo de 20 a\u00f1os en el sector automotriz, colabor\u00e9 en empresas de renombre, ocupando puestos de asesora, gerente y supervisora de ventas. Durante todos esos a\u00f1os, siempre tuve una inquietud: Pude darme cuenta de que un gran n\u00famero de vendedores no lograban sus objetivos no por falta de inter\u00e9s, sino por falta de capacitaci\u00f3n adecuada. Entonces naci\u00f3 mi deseo de compartir mis conocimientos y experiencia con ellos.<\/p><p>En 2012, ese prop\u00f3sito se volvi\u00f3 una realidad al cofundar Yakana Consultores junto con mi socio Eduardo Izquierdo. Iniciamos brindando talleres de emprendimiento, ventas, liderazgo y habilidades gerenciales, expandi\u00e9ndonos m\u00e1s adelante hacia \u00e1reas como control de riesgos, inversiones financieras e inmobiliarias. Fue en este \u00faltimo \u00e1mbito donde encontr\u00e9 mi gran pasi\u00f3n: Ayudar a las personas a tomar decisiones informadas y acertadas en la inversi\u00f3n de propiedades inmobiliarias.<\/p><p>Adem\u00e1s del respaldo de d\u00e9cadas de experiencia en asesor\u00eda y consultor\u00eda, cuento con dos certificaciones que otorga la SEP a los asesores profesionales de bienes ra\u00edces, avaladas por la AMPI (Asociaci\u00f3n Mexicana de Profesionales Inmobiliarios).<\/p><p>Mi enfoque no solo se centra en facilitar una inversi\u00f3n, sino en asegurar que mis clientes sientan confianza, seguridad y acompa\u00f1amiento en cada paso. S\u00e9 que comprar una propiedad no solo es adquirir un bien, es construir un futuro, forjar un patrimonio y transformar sue\u00f1os en realidad. Por eso, cada d\u00eda trabajo con la convicci\u00f3n de que una asesor\u00eda profesional y transparente marca toda la diferencia.<\/p><p>Si buscas a alguien que combine experiencia, \u00e9tica y un profundo compromiso con los resultados, estoy aqu\u00ed para ayudarte. Construyamos juntos tu pr\u00f3xima gran decisi\u00f3n.<\/p>\t\t\t\t\t\t\t\t<\/div>\n\t\t\t\t<\/div>\n\t\t\t\t<\/div>\n\t\t\t\t\t<\/div>\n\t\t\t\t<\/div>\n\t\t<div class=\"elementor-element elementor-element-2e8a5f9 e-flex e-con-boxed e-con e-parent\" data-id=\"2e8a5f9\" data-element_type=\"container\" data-e-type=\"container\" data-settings=\"{&quot;background_background&quot;:&quot;classic&quot;}\">\n\t\t\t\t\t<div class=\"e-con-inner\">\n\t\t\t\t<div class=\"elementor-element elementor-element-53be80a elementor-widget elementor-widget-heading\" data-id=\"53be80a\" data-element_type=\"widget\" data-e-type=\"widget\" data-widget_type=\"heading.default\">\n\t\t\t\t<div class=\"elementor-widget-container\">\n\t\t\t\t\t<h2 class=\"elementor-heading-title elementor-size-default\">Echevarr\u00eda bienes ra\u00edces<\/h2>\t\t\t\t<\/div>\n\t\t\t\t<\/div>\n\t\t<div class=\"elementor-element elementor-element-8052db8 e-con-full e-flex e-con e-child\" data-id=\"8052db8\" data-element_type=\"container\" data-e-type=\"container\">\n\t\t\t\t<div class=\"elementor-element elementor-element-d852d27 elementor-widget elementor-widget-text-editor\" data-id=\"d852d27\" data-element_type=\"widget\" data-e-type=\"widget\" data-widget_type=\"text-editor.default\">\n\t\t\t\t<div class=\"elementor-widget-container\">\n\t\t\t\t\t\t\t\t\t<p>Echevarr\u00eda Bienes ra\u00edces nace con la convicci\u00f3n de que la compra de una casa es la m\u00e1s importante en la vida de las personas. Echevarr\u00eda proviene de \u00abEtxe Berria\u00bb, nombre que significa \u00abcasa nueva\u00bb en el idioma vasco.<\/p><p>Desde sus inicios, Echevarr\u00eda Bienes ra\u00edces ha buscado crear una experiencia \u00fanica y personalizada para cada cliente, nos hemos dedicado a entender las necesidades y deseos de cada individuo y familia, para encontrar el hogar perfecto que se adapte a sus sue\u00f1os y aspiraciones. Cada transacci\u00f3n es tratada con cuidado y profesionalismo, reconociendo la importancia de la compra de una propiedad representa para las personas. Gracias a nuestro enfoque centrado en el cliente, nos hemos convertido en una agencia confiable y respetada, brindando asesoramiento y apoyo a lo largo de todo el proceso de compra para convertir cada sue\u00f1o en realidad.<\/p>\t\t\t\t\t\t\t\t<\/div>\n\t\t\t\t<\/div>\n\t\t\t\t<\/div>\n\t\t\t\t\t<\/div>\n\t\t\t\t<\/div>\n\t\t\t\t<\/div>\n\t\t","protected":false},"excerpt":{"rendered":"<p>\u00a0 socorro Echevarr\u00eda Las grandes decisiones financieras son m\u00e1s que n\u00fameros, son sue\u00f1os que toman forma, y estoy aqu\u00ed para ayudarte a construir esos sue\u00f1os. Desde los d\u00edas en los que, siendo estudiante, comenc\u00e9 a trabajar por primera vez, lo hice en el \u00e1rea de ventas, y entend\u00ed algo que marcar\u00eda mi trayectoria laboral: Vender [&hellip;]<\/p>\n","protected":false},"author":1,"featured_media":0,"parent":0,"menu_order":0,"comment_status":"closed","ping_status":"closed","template":"","meta":{"site-sidebar-layout":"no-sidebar","site-content-layout":"page-builder","ast-site-content-layout":"full-width-container","site-content-style":"default","site-sidebar-style":"default","ast-global-header-display":"","ast-banner-title-visibility":"","ast-main-header-display":"","ast-hfb-above-header-display":"","ast-hfb-below-header-display":"","ast-hfb-mobile-header-display":"","site-post-title":"disabled","ast-breadcrumbs-content":"","ast-featured-img":"disabled","footer-sml-layout":"","theme-transparent-header-meta":"","adv-header-id-meta":"","stick-header-meta":"","header-above-stick-meta":"","header-main-stick-meta":"","header-below-stick-meta":"","astra-migrate-meta-layouts":"set","ast-page-background-enabled":"default","ast-page-background-meta":{"desktop":{"background-color":"","background-image":"","background-repeat":"repeat","background-position":"center center","background-size":"auto","background-attachment":"scroll","background-type":"","background-media":"","overlay-type":"","overlay-color":"","overlay-opacity":"","overlay-gradient":""},"tablet":{"background-color":"","background-image":"","background-repeat":"repeat","background-position":"center center","background-size":"auto","background-attachment":"scroll","background-type":"","background-media":"","overlay-type":"","overlay-color":"","overlay-opacity":"","overlay-gradient":""},"mobile":{"background-color":"","background-image":"","background-repeat":"repeat","background-position":"center center","background-size":"auto","background-attachment":"scroll","background-type":"","background-media":"","overlay-type":"","overlay-color":"","overlay-opacity":"","overlay-gradient":""}},"ast-content-background-meta":{"desktop":{"background-color":"var(--ast-global-color-5)","background-image":"","background-repeat":"repeat","background-position":"center center","background-size":"auto","background-attachment":"scroll","background-type":"","background-media":"","overlay-type":"","overlay-color":"","overlay-opacity":"","overlay-gradient":""},"tablet":{"background-color":"var(--ast-global-color-5)","background-image":"","background-repeat":"repeat","background-position":"center center","background-size":"auto","background-attachment":"scroll","background-type":"","background-media":"","overlay-type":"","overlay-color":"","overlay-opacity":"","overlay-gradient":""},"mobile":{"background-color":"var(--ast-global-color-5)","background-image":"","background-repeat":"repeat","background-position":"center center","background-size":"auto","background-attachment":"scroll","background-type":"","background-media":"","overlay-type":"","overlay-color":"","overlay-opacity":"","overlay-gradient":""}},"footnotes":""},"class_list":["post-3767","page","type-page","status-publish","hentry"],"_links":{"self":[{"href":"https:\/\/echevarriabienesraices.com\/index.php\/wp-json\/wp\/v2\/pages\/3767","targetHints":{"allow":["GET"]}}],"collection":[{"href":"https:\/\/echevarriabienesraices.com\/index.php\/wp-json\/wp\/v2\/pages"}],"about":[{"href":"https:\/\/echevarriabienesraices.com\/index.php\/wp-json\/wp\/v2\/types\/page"}],"author":[{"embeddable":true,"href":"https:\/\/echevarriabienesraices.com\/index.php\/wp-json\/wp\/v2\/users\/1"}],"replies":[{"embeddable":true,"href":"https:\/\/echevarriabienesraices.com\/index.php\/wp-json\/wp\/v2\/comments?post=3767"}],"version-history":[{"count":37,"href":"https:\/\/echevarriabienesraices.com\/index.php\/wp-json\/wp\/v2\/pages\/3767\/revisions"}],"predecessor-version":[{"id":3812,"href":"https:\/\/echevarriabienesraices.com\/index.php\/wp-json\/wp\/v2\/pages\/3767\/revisions\/3812"}],"wp:attachment":[{"href":"https:\/\/echevarriabienesraices.com\/index.php\/wp-json\/wp\/v2\/media?parent=3767"}],"curies":[{"name":"wp","href":"https:\/\/api.w.org\/{rel}","templated":true}]}}